{"id":267,"date":"2025-01-17T21:38:17","date_gmt":"2025-01-17T21:38:17","guid":{"rendered":"https:\/\/binarksv.com\/store\/?post_type=product&#038;p=267"},"modified":"2025-01-17T21:38:18","modified_gmt":"2025-01-17T21:38:18","slug":"teleconsulta","status":"publish","type":"product","link":"https:\/\/binarksv.com\/store\/product\/teleconsulta\/","title":{"rendered":"TELECONSULTA"},"content":{"rendered":"<p><strong>Atenci\u00f3n M\u00e9dica a un Clic de Distancia<\/strong><\/p>\n<p>Cuida de tu salud sin salir de casa con nuestro servicio de teleconsulta. En GUANAMED, conectamos a nuestros clientes con profesionales m\u00e9dicos capacitados, listos para brindarte orientaci\u00f3n y seguimiento en tiempo real.<\/p>\n<p><strong>\u00bfC\u00f3mo funciona?<\/strong><\/p>\n<ol>\n<li><strong>Agenda tu consulta:<\/strong> Selecciona el d\u00eda y la hora que m\u00e1s te convengan.<\/li>\n<li><strong>Con\u00e9ctate en l\u00ednea:<\/strong> Habla con un m\u00e9dico desde la comodidad de tu hogar.<\/li>\n<li><strong>Recibe tus recetas:<\/strong> Si lo necesitas, obt\u00e9n recetas electr\u00f3nicas para adquirir tus medicamentos.<\/li>\n<\/ol>\n<p><strong>Beneficios de nuestra Teleconsulta:<\/strong><\/p>\n<ul>\n<li>Atenci\u00f3n r\u00e1pida y profesional.<\/li>\n<li>Ahorra tiempo y dinero en traslados.<\/li>\n<li>Ideal para resolver dudas m\u00e9dicas, seguimiento de tratamientos y consultas generales.<\/li>\n<\/ul>\n","protected":false},"excerpt":{"rendered":"<p>Atenci\u00f3n M\u00e9dica a un Clic de Distancia Cuida de tu salud sin salir de casa con nuestro servicio de teleconsulta. En GUANAMED, conectamos a nuestros clientes con profesionales m\u00e9dicos capacitados, listos para brindarte orientaci\u00f3n y seguimiento en tiempo real. \u00bfC\u00f3mo funciona? Agenda tu consulta: Selecciona el d\u00eda y la hora que m\u00e1s te convengan. Con\u00e9ctate [&hellip;]<\/p>\n","protected":false},"featured_media":268,"template":"","meta":{"_price":"49.99","_stock":null,"_tribe_ticket_header":"","_tribe_default_ticket_provider":"","_tribe_ticket_capacity":"0","_ticket_start_date":"","_ticket_end_date":"","_tribe_ticket_show_description":"","_tribe_ticket_show_not_going":false,"_tribe_ticket_use_global_stock":"","_tribe_ticket_global_stock_level":"","_global_stock_mode":"","_global_stock_cap":"","_tribe_rsvp_for_event":"","_tribe_ticket_going_count":"","_tribe_ticket_not_going_count":"","_tribe_tickets_list":"[]","_tribe_ticket_has_attendee_info_fields":false},"product_cat":[80],"product_tag":[],"class_list":{"0":"post-267","1":"product","2":"type-product","3":"status-publish","4":"has-post-thumbnail","6":"product_cat-teleconsulta","8":"first","9":"instock","10":"sale","11":"shipping-taxable","12":"purchasable","13":"product-type-simple"},"_links":{"self":[{"href":"https:\/\/binarksv.com\/store\/wp-json\/wp\/v2\/product\/267","targetHints":{"allow":["GET"]}}],"collection":[{"href":"https:\/\/binarksv.com\/store\/wp-json\/wp\/v2\/product"}],"about":[{"href":"https:\/\/binarksv.com\/store\/wp-json\/wp\/v2\/types\/product"}],"wp:featuredmedia":[{"embeddable":true,"href":"https:\/\/binarksv.com\/store\/wp-json\/wp\/v2\/media\/268"}],"wp:attachment":[{"href":"https:\/\/binarksv.com\/store\/wp-json\/wp\/v2\/media?parent=267"}],"wp:term":[{"taxonomy":"product_cat","embeddable":true,"href":"https:\/\/binarksv.com\/store\/wp-json\/wp\/v2\/product_cat?post=267"},{"taxonomy":"product_tag","embeddable":true,"href":"https:\/\/binarksv.com\/store\/wp-json\/wp\/v2\/product_tag?post=267"}],"curies":[{"name":"wp","href":"https:\/\/api.w.org\/{rel}","templated":true}]}}