{"id":260,"date":"2025-01-17T21:15:53","date_gmt":"2025-01-17T21:15:53","guid":{"rendered":"https:\/\/binarksv.com\/store\/?post_type=product&#038;p=260"},"modified":"2025-01-17T21:15:53","modified_gmt":"2025-01-17T21:15:53","slug":"avelox-400mg-solucion-intravenosa-x-250ml","status":"publish","type":"product","link":"https:\/\/binarksv.com\/store\/product\/avelox-400mg-solucion-intravenosa-x-250ml\/","title":{"rendered":"Avelox 400Mg Solucion Intravenosa X 250Ml"},"content":{"rendered":"<div id=\"CHX3r2MJaU\" class=\"rz-accordion-header rz-state-focused\"><strong><a id=\"rz-accordiontab-0\" title=\"Collapse\" role=\"tab\" aria-label=\"Collapse\" aria-controls=\"rz-accordiontab-0-content\" aria-expanded=\"true\"><\/a>F\u00f3rmula<\/strong><\/div>\n<div id=\"rz-accordiontab-0-content\" class=\"rz-accordion-content-wrapper\" role=\"tabpanel\" aria-hidden=\"false\" aria-labelledby=\"rz-accordiontab-0\">\n<div class=\"rz-accordion-content\">\n<div class=\"prodd-info-content\">\n<table>\n<tbody>\n<tr>\n<th>Nombre Ingrediente<\/th>\n<th>Cantidad<\/th>\n<\/tr>\n<tr>\n<td>Moxifloxacin<\/td>\n<td>400.00MG<\/td>\n<\/tr>\n<\/tbody>\n<\/table>\n<\/div>\n<\/div>\n<\/div>\n<div id=\"OzFmoDLxNk\" class=\"rz-accordion-header\"><a id=\"rz-accordiontab-1\" title=\"Collapse\" role=\"tab\" aria-label=\"Collapse\" aria-controls=\"rz-accordiontab-1-content\" aria-expanded=\"true\"><\/a><strong>Indicaciones<\/strong><\/div>\n<div id=\"rz-accordiontab-1-content\" class=\"rz-accordion-content-wrapper\" role=\"tabpanel\" aria-hidden=\"false\" aria-labelledby=\"rz-accordiontab-1\">\n<div class=\"rz-accordion-content\">\n<div class=\"prodd-info-content\">\n<p>Tratamiento de infecciones ocasionadas por organismos susceptibles. Entre ellas, neumon\u00eda (g\u00e9rmenes habituales y at\u00edpicos), sinusitis, exacerbaci\u00f3n de bronquitis cr\u00f3nica, infecciones de piel y tejidos blandos, infecciones intraabdominales complicadas. De segunda l\u00ednea en pacientes con tuberculosis pulmonar resistente a antituberculosos tradicionales..<\/p>\n<\/div>\n<\/div>\n<\/div>\n<div id=\"IjWSKe-NLk\" class=\"rz-accordion-header\"><strong><a id=\"rz-accordiontab-2\" title=\"Collapse\" role=\"tab\" aria-label=\"Collapse\" aria-controls=\"rz-accordiontab-2-content\" aria-expanded=\"true\"><\/a>Contra-Indicaciones<\/strong><\/div>\n<div id=\"rz-accordiontab-2-content\" class=\"rz-accordion-content-wrapper\" role=\"tabpanel\" aria-hidden=\"false\" aria-labelledby=\"rz-accordiontab-2\">\n<div class=\"rz-accordion-content\">\n<div class=\"prodd-info-content\">\n<p>Hipersensibilidad a la formula. No guarde ni reutilice este medicamento. Si una vez finalizado el tratamiento le sobra antibi\u00f3tico, devu\u00e9lvalo a la farmacia para su correcta eliminaci\u00f3n. No debe tirar los medicamentos por el desag\u00fce ni a la basura..<\/p>\n<\/div>\n<\/div>\n<\/div>\n","protected":false},"excerpt":{"rendered":"<p>F\u00f3rmula Nombre Ingrediente Cantidad Moxifloxacin 400.00MG Indicaciones Tratamiento de infecciones ocasionadas por organismos susceptibles. Entre ellas, neumon\u00eda (g\u00e9rmenes habituales y at\u00edpicos), sinusitis, exacerbaci\u00f3n de bronquitis cr\u00f3nica, infecciones de piel y tejidos blandos, infecciones intraabdominales complicadas. De segunda l\u00ednea en pacientes con tuberculosis pulmonar resistente a antituberculosos tradicionales.. Contra-Indicaciones Hipersensibilidad a la formula. No guarde ni [&hellip;]<\/p>\n","protected":false},"featured_media":261,"template":"","meta":{"_price":"65.17","_stock":"100","_tribe_ticket_header":"","_tribe_default_ticket_provider":"","_tribe_ticket_capacity":"100","_ticket_start_date":"","_ticket_end_date":"","_tribe_ticket_show_description":"","_tribe_ticket_show_not_going":false,"_tribe_ticket_use_global_stock":"","_tribe_ticket_global_stock_level":"","_global_stock_mode":"","_global_stock_cap":"","_tribe_rsvp_for_event":"","_tribe_ticket_going_count":"","_tribe_ticket_not_going_count":"","_tribe_tickets_list":"[]","_tribe_ticket_has_attendee_info_fields":false},"product_cat":[78,39],"product_tag":[],"class_list":{"0":"post-260","1":"product","2":"type-product","3":"status-publish","4":"has-post-thumbnail","6":"product_cat-antibiotico-inyectables","7":"product_cat-antibioticos-y-cicatrizantes","9":"first","10":"instock","11":"sale","12":"shipping-taxable","13":"purchasable","14":"product-type-simple"},"_links":{"self":[{"href":"https:\/\/binarksv.com\/store\/wp-json\/wp\/v2\/product\/260","targetHints":{"allow":["GET"]}}],"collection":[{"href":"https:\/\/binarksv.com\/store\/wp-json\/wp\/v2\/product"}],"about":[{"href":"https:\/\/binarksv.com\/store\/wp-json\/wp\/v2\/types\/product"}],"wp:featuredmedia":[{"embeddable":true,"href":"https:\/\/binarksv.com\/store\/wp-json\/wp\/v2\/media\/261"}],"wp:attachment":[{"href":"https:\/\/binarksv.com\/store\/wp-json\/wp\/v2\/media?parent=260"}],"wp:term":[{"taxonomy":"product_cat","embeddable":true,"href":"https:\/\/binarksv.com\/store\/wp-json\/wp\/v2\/product_cat?post=260"},{"taxonomy":"product_tag","embeddable":true,"href":"https:\/\/binarksv.com\/store\/wp-json\/wp\/v2\/product_tag?post=260"}],"curies":[{"name":"wp","href":"https:\/\/api.w.org\/{rel}","templated":true}]}}