{"id":256,"date":"2025-01-17T20:39:22","date_gmt":"2025-01-17T20:39:22","guid":{"rendered":"https:\/\/binarksv.com\/store\/?post_type=product&#038;p=256"},"modified":"2025-01-17T20:40:41","modified_gmt":"2025-01-17T20:40:41","slug":"aerius-5mg-x-1-tableta","status":"publish","type":"product","link":"https:\/\/binarksv.com\/store\/product\/aerius-5mg-x-1-tableta\/","title":{"rendered":"Aerius 5Mg X 1 Tableta"},"content":{"rendered":"<div id=\"rz-accordiontab-0-content\" class=\"rz-accordion-content-wrapper\" role=\"tabpanel\" aria-hidden=\"false\" aria-labelledby=\"rz-accordiontab-0\">\n<div class=\"rz-accordion-content\">\n<div class=\"prodd-info-content\">\n<table>\n<tbody>\n<tr>\n<th>Nombre Ingrediente<\/th>\n<th>Cantidad<\/th>\n<\/tr>\n<tr>\n<td>Desloratadina<\/td>\n<td>5.00MG<\/td>\n<\/tr>\n<\/tbody>\n<\/table>\n<\/div>\n<\/div>\n<\/div>\n<div id=\"n1BYm74nVE\" class=\"rz-accordion-header\"><a id=\"rz-accordiontab-1\" title=\"Collapse\" role=\"tab\" aria-label=\"Collapse\" aria-controls=\"rz-accordiontab-1-content\" aria-expanded=\"true\"><\/a>Indicaciones<\/div>\n<div id=\"rz-accordiontab-1-content\" class=\"rz-accordion-content-wrapper\" role=\"tabpanel\" aria-hidden=\"false\" aria-labelledby=\"rz-accordiontab-1\">\n<div class=\"rz-accordion-content\">\n<div class=\"prodd-info-content\">\n<p>Indicado para el alivio de los s\u00edntomas asociados con rinitis al\u00e9rgica, estornudos frecuentes, secreci\u00f3n nasal, picaz\u00f3n nasal y ardor ocular. Tambi\u00e9n en casos de urticaria aguda o cr\u00f3nica, alergias cut\u00e1neas y respiratorias.<\/p>\n<\/div>\n<\/div>\n<\/div>\n<div id=\"WN23E61nwk\" class=\"rz-accordion-header\"><a id=\"rz-accordiontab-2\" title=\"Collapse\" role=\"tab\" aria-label=\"Collapse\" aria-controls=\"rz-accordiontab-2-content\" aria-expanded=\"true\"><\/a>Contra-Indicaciones<\/div>\n<div id=\"rz-accordiontab-2-content\" class=\"rz-accordion-content-wrapper\" role=\"tabpanel\" aria-hidden=\"false\" aria-labelledby=\"rz-accordiontab-2\">\n<div class=\"rz-accordion-content\">\n<div class=\"prodd-info-content\">\n<p>Hipersensibilidad al principio activo..<\/p>\n<\/div>\n<\/div>\n<\/div>\n","protected":false},"excerpt":{"rendered":"<p>Nombre Ingrediente Cantidad Desloratadina 5.00MG Indicaciones Indicado para el alivio de los s\u00edntomas asociados con rinitis al\u00e9rgica, estornudos frecuentes, secreci\u00f3n nasal, picaz\u00f3n nasal y ardor ocular. Tambi\u00e9n en casos de urticaria aguda o cr\u00f3nica, alergias cut\u00e1neas y respiratorias. Contra-Indicaciones Hipersensibilidad al principio activo..<\/p>\n","protected":false},"featured_media":257,"template":"","meta":{"_price":"1.38","_stock":"100","_tribe_ticket_header":"","_tribe_default_ticket_provider":"","_tribe_ticket_capacity":"100","_ticket_start_date":"","_ticket_end_date":"","_tribe_ticket_show_description":"","_tribe_ticket_show_not_going":false,"_tribe_ticket_use_global_stock":"","_tribe_ticket_global_stock_level":"","_global_stock_mode":"","_global_stock_cap":"","_tribe_rsvp_for_event":"","_tribe_ticket_going_count":"","_tribe_ticket_not_going_count":"","_tribe_tickets_list":"[]","_tribe_ticket_has_attendee_info_fields":false},"product_cat":[38,76,36],"product_tag":[],"class_list":{"0":"post-256","1":"product","2":"type-product","3":"status-publish","4":"has-post-thumbnail","6":"product_cat-alergias","7":"product_cat-antialergicos","8":"product_cat-medicamentos","10":"first","11":"instock","12":"sale","13":"shipping-taxable","14":"purchasable","15":"product-type-simple"},"_links":{"self":[{"href":"https:\/\/binarksv.com\/store\/wp-json\/wp\/v2\/product\/256","targetHints":{"allow":["GET"]}}],"collection":[{"href":"https:\/\/binarksv.com\/store\/wp-json\/wp\/v2\/product"}],"about":[{"href":"https:\/\/binarksv.com\/store\/wp-json\/wp\/v2\/types\/product"}],"wp:featuredmedia":[{"embeddable":true,"href":"https:\/\/binarksv.com\/store\/wp-json\/wp\/v2\/media\/257"}],"wp:attachment":[{"href":"https:\/\/binarksv.com\/store\/wp-json\/wp\/v2\/media?parent=256"}],"wp:term":[{"taxonomy":"product_cat","embeddable":true,"href":"https:\/\/binarksv.com\/store\/wp-json\/wp\/v2\/product_cat?post=256"},{"taxonomy":"product_tag","embeddable":true,"href":"https:\/\/binarksv.com\/store\/wp-json\/wp\/v2\/product_tag?post=256"}],"curies":[{"name":"wp","href":"https:\/\/api.w.org\/{rel}","templated":true}]}}