{"id":252,"date":"2025-01-17T20:23:24","date_gmt":"2025-01-17T20:23:24","guid":{"rendered":"https:\/\/binarksv.com\/store\/?post_type=product&#038;p=252"},"modified":"2025-01-17T20:23:24","modified_gmt":"2025-01-17T20:23:24","slug":"candicaps-x-20-dosis-de-2-capsulas","status":"publish","type":"product","link":"https:\/\/binarksv.com\/store\/product\/candicaps-x-20-dosis-de-2-capsulas\/","title":{"rendered":"Candicaps X 20 Dosis De 2 Capsulas"},"content":{"rendered":"<div id=\"xEUXJgv17U\" class=\"rz-accordion-header rz-state-focused\"><a id=\"rz-accordiontab-0\" title=\"Collapse\" role=\"tab\" aria-label=\"Collapse\" aria-controls=\"rz-accordiontab-0-content\" aria-expanded=\"true\"><\/a>F\u00f3rmula<\/div>\n<div id=\"rz-accordiontab-0-content\" class=\"rz-accordion-content-wrapper\" role=\"tabpanel\" aria-hidden=\"false\" aria-labelledby=\"rz-accordiontab-0\">\n<div class=\"rz-accordion-content\">\n<div class=\"prodd-info-content\">\n<table style=\"height: 102px;\" width=\"487\">\n<tbody>\n<tr>\n<th>Nombre Ingrediente<\/th>\n<th>Cantidad<\/th>\n<\/tr>\n<tr>\n<td>Aceite de An\u00eds<\/td>\n<td>150.00MG<\/td>\n<\/tr>\n<tr>\n<td>Extracto seco de Pseudod\u00edptera Colorata<\/td>\n<td>87.50MG<\/td>\n<\/tr>\n<\/tbody>\n<\/table>\n<\/div>\n<\/div>\n<\/div>\n","protected":false},"excerpt":{"rendered":"<p>F\u00f3rmula Nombre Ingrediente Cantidad Aceite de An\u00eds 150.00MG Extracto seco de Pseudod\u00edptera Colorata 87.50MG<\/p>\n","protected":false},"featured_media":253,"template":"","meta":{"_price":"21.59","_stock":"100","_tribe_ticket_header":"","_tribe_default_ticket_provider":"","_tribe_ticket_capacity":"100","_ticket_start_date":"","_ticket_end_date":"","_tribe_ticket_show_description":"","_tribe_ticket_show_not_going":false,"_tribe_ticket_use_global_stock":"","_tribe_ticket_global_stock_level":"","_global_stock_mode":"","_global_stock_cap":"","_tribe_rsvp_for_event":"","_tribe_ticket_going_count":"","_tribe_ticket_not_going_count":"","_tribe_tickets_list":"[]","_tribe_ticket_has_attendee_info_fields":false},"product_cat":[37,36,74],"product_tag":[],"class_list":{"0":"post-252","1":"product","2":"type-product","3":"status-publish","4":"has-post-thumbnail","6":"product_cat-afecciones-vaginales","7":"product_cat-medicamentos","8":"product_cat-tratamientos-vaginales","10":"first","11":"instock","12":"sale","13":"shipping-taxable","14":"purchasable","15":"product-type-simple"},"_links":{"self":[{"href":"https:\/\/binarksv.com\/store\/wp-json\/wp\/v2\/product\/252","targetHints":{"allow":["GET"]}}],"collection":[{"href":"https:\/\/binarksv.com\/store\/wp-json\/wp\/v2\/product"}],"about":[{"href":"https:\/\/binarksv.com\/store\/wp-json\/wp\/v2\/types\/product"}],"wp:featuredmedia":[{"embeddable":true,"href":"https:\/\/binarksv.com\/store\/wp-json\/wp\/v2\/media\/253"}],"wp:attachment":[{"href":"https:\/\/binarksv.com\/store\/wp-json\/wp\/v2\/media?parent=252"}],"wp:term":[{"taxonomy":"product_cat","embeddable":true,"href":"https:\/\/binarksv.com\/store\/wp-json\/wp\/v2\/product_cat?post=252"},{"taxonomy":"product_tag","embeddable":true,"href":"https:\/\/binarksv.com\/store\/wp-json\/wp\/v2\/product_tag?post=252"}],"curies":[{"name":"wp","href":"https:\/\/api.w.org\/{rel}","templated":true}]}}