{"id":251,"date":"2025-01-17T20:20:31","date_gmt":"2025-01-17T20:20:31","guid":{"rendered":"https:\/\/binarksv.com\/store\/?post_type=product&#038;p=251"},"modified":"2025-01-17T20:25:12","modified_gmt":"2025-01-17T20:25:12","slug":"femegyn-gel-intimo-frasco-x-200ml","status":"publish","type":"product","link":"https:\/\/binarksv.com\/store\/product\/femegyn-gel-intimo-frasco-x-200ml\/","title":{"rendered":"Femegyn Gel Intimo Frasco X 200Ml"},"content":{"rendered":"<div id=\"TQ8aWPJyqk\" class=\"rz-accordion-header\">\n<div id=\"J1RDXZbciE\" class=\"rz-accordion-header rz-state-focused\"><a id=\"rz-accordiontab-0\" title=\"Collapse\" role=\"tab\" aria-label=\"Collapse\" aria-controls=\"rz-accordiontab-0-content\" aria-expanded=\"true\"><\/a><strong>F\u00f3rmula<\/strong><\/div>\n<div id=\"rz-accordiontab-0-content\" class=\"rz-accordion-content-wrapper\" role=\"tabpanel\" aria-hidden=\"false\" aria-labelledby=\"rz-accordiontab-0\">\n<div class=\"rz-accordion-content\">\n<div class=\"prodd-info-content\">\n<table>\n<tbody>\n<tr>\n<th>Nombre Ingrediente<\/th>\n<th>Cantidad<\/th>\n<\/tr>\n<tr>\n<td>Aceite de Arbol de T\u00e9<\/td>\n<td>0.60%<\/td>\n<\/tr>\n<\/tbody>\n<\/table>\n<\/div>\n<\/div>\n<\/div>\n<div id=\"ZUJ3jx1h60\" class=\"rz-accordion-header\"><a id=\"rz-accordiontab-1\" title=\"Collapse\" role=\"tab\" aria-label=\"Collapse\" aria-controls=\"rz-accordiontab-1-content\" aria-expanded=\"true\"><\/a><strong>Indicaciones<\/strong><\/div>\n<div id=\"rz-accordiontab-1-content\" class=\"rz-accordion-content-wrapper\" role=\"tabpanel\" aria-hidden=\"false\" aria-labelledby=\"rz-accordiontab-1\">\n<div class=\"rz-accordion-content\">\n<div class=\"prodd-info-content\">\n<p>Est\u00e1 indicado para mantener la higiene y protecci\u00f3n diaria de la zona \u00edntima. Aporta una sensaci\u00f3n de frescura y comfort, dejando la piel suave..<\/p>\n<\/div>\n<\/div>\n<\/div>\n<div id=\"acpntJQGQk\" class=\"rz-accordion-header\"><strong><a id=\"rz-accordiontab-2\" title=\"Collapse\" role=\"tab\" aria-label=\"Collapse\" aria-controls=\"rz-accordiontab-2-content\" aria-expanded=\"true\"><\/a>Contra-Indicaciones<\/strong><\/div>\n<div id=\"rz-accordiontab-2-content\" class=\"rz-accordion-content-wrapper\" role=\"tabpanel\" aria-hidden=\"false\" aria-labelledby=\"rz-accordiontab-2\">\n<div class=\"rz-accordion-content\">\n<div class=\"prodd-info-content\">\n<p>Hipersensibilidad a los componentes..<\/p>\n<\/div>\n<\/div>\n<\/div>\n<\/div>\n","protected":false},"excerpt":{"rendered":"<p>F\u00f3rmula Nombre Ingrediente Cantidad Aceite de Arbol de T\u00e9 0.60% Indicaciones Est\u00e1 indicado para mantener la higiene y protecci\u00f3n diaria de la zona \u00edntima. Aporta una sensaci\u00f3n de frescura y comfort, dejando la piel suave.. Contra-Indicaciones Hipersensibilidad a los componentes..<\/p>\n","protected":false},"featured_media":254,"template":"","meta":{"_price":"9.50","_stock":"100","_tribe_ticket_header":"","_tribe_default_ticket_provider":"","_tribe_ticket_capacity":"100","_ticket_start_date":"","_ticket_end_date":"","_tribe_ticket_show_description":"","_tribe_ticket_show_not_going":false,"_tribe_ticket_use_global_stock":"","_tribe_ticket_global_stock_level":"","_global_stock_mode":"","_global_stock_cap":"","_tribe_rsvp_for_event":"","_tribe_ticket_going_count":"","_tribe_ticket_not_going_count":"","_tribe_tickets_list":"[]","_tribe_ticket_has_attendee_info_fields":false},"product_cat":[37,73,36],"product_tag":[],"class_list":{"0":"post-251","1":"product","2":"type-product","3":"status-publish","4":"has-post-thumbnail","6":"product_cat-afecciones-vaginales","7":"product_cat-limpieza-vaginal","8":"product_cat-medicamentos","10":"first","11":"instock","12":"sale","13":"shipping-taxable","14":"purchasable","15":"product-type-simple"},"_links":{"self":[{"href":"https:\/\/binarksv.com\/store\/wp-json\/wp\/v2\/product\/251","targetHints":{"allow":["GET"]}}],"collection":[{"href":"https:\/\/binarksv.com\/store\/wp-json\/wp\/v2\/product"}],"about":[{"href":"https:\/\/binarksv.com\/store\/wp-json\/wp\/v2\/types\/product"}],"wp:featuredmedia":[{"embeddable":true,"href":"https:\/\/binarksv.com\/store\/wp-json\/wp\/v2\/media\/254"}],"wp:attachment":[{"href":"https:\/\/binarksv.com\/store\/wp-json\/wp\/v2\/media?parent=251"}],"wp:term":[{"taxonomy":"product_cat","embeddable":true,"href":"https:\/\/binarksv.com\/store\/wp-json\/wp\/v2\/product_cat?post=251"},{"taxonomy":"product_tag","embeddable":true,"href":"https:\/\/binarksv.com\/store\/wp-json\/wp\/v2\/product_tag?post=251"}],"curies":[{"name":"wp","href":"https:\/\/api.w.org\/{rel}","templated":true}]}}